{"id":17,"date":"2026-04-15T08:51:19","date_gmt":"2026-04-15T08:51:19","guid":{"rendered":"https:\/\/www.insyproject.eu\/?page_id=17"},"modified":"2026-04-15T16:05:15","modified_gmt":"2026-04-15T16:05:15","slug":"om-project-insy","status":"publish","type":"page","link":"https:\/\/www.insyproject.eu\/om-insy\/sv\/om-project-insy\/","title":{"rendered":"Om project INSY"},"content":{"rendered":"\n<figure itemscope itemtype=\"https:\/\/schema.org\/ImageObject\">\n\t\t\t\t<img decoding=\"async\" src=\"http:\/\/www.insyproject.eu\/wp-content\/uploads\/2026\/04\/Logo-Sweden-Norway-CMYK-Color-02.png\" alt=\"Logo - Interreg Sverige-Norge\" title=\"Logo-Sweden-Norway-CMYK-Color-02\" onerror=\"this.style.display='none'\" loading=\"lazy\" \/>\n\t<\/figure>\n<figure itemscope itemtype=\"https:\/\/schema.org\/ImageObject\">\n\t\t\t\t<img decoding=\"async\" src=\"http:\/\/www.insyproject.eu\/wp-content\/uploads\/2026\/04\/INSY-logo-scaled.png\" alt=\"Logo INSY - inkludering og sysselsetting\" title=\"INSY logo\" onerror=\"this.style.display='none'\" loading=\"lazy\" \/>\n\t<\/figure>\n\t<h2>Inkludering och syssels\u00e4ttning innom Nordens gr\u00f6na b\u00e4lte<\/h2>\n<p>INSY-projektet ska st\u00e4rka inkludering och syssels\u00e4ttning i gr\u00e4nsregionen mellan Sverige och Norge genom socialt entrepren\u00f6rskap. Genom gr\u00e4ns\u00f6verskridande samarbete utvecklas och testas metoder f\u00f6r att m\u00e4ta och st\u00e4rka den sociala effekten av socialt entrepren\u00f6rskap. Projektet bidrar till ett mer inkluderande arbetsliv och l\u00e5ngsiktig social h\u00e5llbarhet i det nordiska gr\u00f6na b\u00e4ltet. Mer information om projektet kommer snart!<\/p>\n<p>Projektet \u00e4r ett samarbete mellan <a href=\"https:\/\/ap.adminproject.eu\/files\/index\/getFile\/3467\/910286\" target=\"_blank\" rel=\"noopener\"><strong>\u00a0Coompanion<\/strong><\/a>\u00a0(Sverige),\u00a0<strong><a href=\"https:\/\/www.kbtfagskole.no\/\" target=\"_blank\" rel=\"noopener\">KBT fagskole<\/a><\/strong> (Norge) och <strong><a href=\"https:\/\/www.prios.no\/\" target=\"_blank\" rel=\"noopener\">Prios kompetanse<\/a>\u00a0<\/strong>(Norge).<\/p>\n<p>&nbsp;<\/p>\n<h3>Pilotf\u00f6retag (Sociala entrepren\u00f6rer)<\/h3>\n<p>Projektet involverar fyra utvalda sociala f\u00f6retag (tv\u00e5 i varje land) som kommer att f\u00f6ljas upp f\u00f6r att utveckla, testa och implementera metodiken f\u00f6r att m\u00e4ta effekten av socialt entrepren\u00f6rskap.<\/p>\n<p>Norska pilotf\u00f6retag::\u00a0<a href=\"https:\/\/www.glimtrecoverysenter.no\/\" target=\"_blank\" rel=\"noreferrer noopener\">Glimt Recoverysenter\u00a0<\/a>och <a href=\"https:\/\/www.eikragard.com\/\" target=\"_blank\" rel=\"noreferrer noopener\">Eikra Aktivitet<\/a><\/p>\n<p>Svenska pilotf\u00f6retag: :\u00a0<a href=\"https:\/\/www.bygdsamnatradalen.se\/\" target=\"_blank\" rel=\"noreferrer noopener\">Bygdsam N\u00e4tradalen<\/a> och <a href=\"http:\/\/www.rsmhfjallsjo.se\/\" target=\"_blank\" rel=\"noreferrer noopener\">RSMH Fj\u00e4llsj\u00f6<\/a><\/p>\n<figure itemscope itemtype=\"https:\/\/schema.org\/ImageObject\">\n\t\t\t\t<img decoding=\"async\" src=\"http:\/\/www.insyproject.eu\/wp-content\/uploads\/2026\/04\/Insy-logoer-samarbeidspartnere-og-Interreg-scaled.png\" alt=\"Logoer til Interreg Sverige-Norge, Coompanion, KBT fagskole og Prios kompetanse\" title=\"Insy logoer samarbeidspartnere og Interreg\" onerror=\"this.style.display='none'\" loading=\"lazy\" \/>\n\t<\/figure>\n\n","protected":false},"excerpt":{"rendered":"<p>Inkludering och syssels\u00e4ttning innom Nordens gr\u00f6na b\u00e4lte INSY-projektet ska st\u00e4rka inkludering och syssels\u00e4ttning i gr\u00e4nsregionen mellan Sverige och Norge genom socialt entrepren\u00f6rskap. Genom gr\u00e4ns\u00f6verskridande samarbete utvecklas och testas metoder f\u00f6r att m\u00e4ta och st\u00e4rka den sociala effekten av socialt entrepren\u00f6rskap. Projektet bidrar till ett mer inkluderande arbetsliv och l\u00e5ngsiktig social h\u00e5llbarhet i det nordiska gr\u00f6na&hellip;<\/p>\n","protected":false},"author":1,"featured_media":0,"parent":0,"menu_order":0,"comment_status":"closed","ping_status":"closed","template":"","meta":{"footnotes":""},"class_list":["post-17","page","type-page","status-publish","hentry"],"yoast_head":"<!-- This site is optimized with the Yoast SEO plugin v27.4 - https:\/\/yoast.com\/product\/yoast-seo-wordpress\/ -->\n<title>Om project INSY - Project INSY<\/title>\n<meta name=\"robots\" content=\"index, follow, max-snippet:-1, max-image-preview:large, max-video-preview:-1\" \/>\n<link rel=\"canonical\" href=\"https:\/\/www.insyproject.eu\/om-insy\/sv\/om-project-insy\/\" \/>\n<meta property=\"og:locale\" content=\"nb_NO\" \/>\n<meta property=\"og:type\" content=\"article\" \/>\n<meta property=\"og:title\" content=\"Om project INSY - Project INSY\" \/>\n<meta property=\"og:description\" content=\"Inkludering och syssels\u00e4ttning innom Nordens gr\u00f6na b\u00e4lte INSY-projektet ska st\u00e4rka inkludering och syssels\u00e4ttning i gr\u00e4nsregionen mellan Sverige och Norge genom socialt entrepren\u00f6rskap. Genom gr\u00e4ns\u00f6verskridande samarbete utvecklas och testas metoder f\u00f6r att m\u00e4ta och st\u00e4rka den sociala effekten av socialt entrepren\u00f6rskap. Projektet bidrar till ett mer inkluderande arbetsliv och l\u00e5ngsiktig social h\u00e5llbarhet i det nordiska gr\u00f6na&hellip;\" \/>\n<meta property=\"og:url\" content=\"https:\/\/www.insyproject.eu\/om-insy\/sv\/om-project-insy\/\" \/>\n<meta property=\"og:site_name\" content=\"Project INSY\" \/>\n<meta property=\"article:modified_time\" content=\"2026-04-15T16:05:15+00:00\" \/>\n<meta property=\"og:image\" content=\"http:\/\/www.insyproject.eu\/wp-content\/uploads\/2026\/04\/Logo-Sweden-Norway-CMYK-Color-02.png\" \/>\n<meta name=\"twitter:card\" content=\"summary_large_image\" \/>\n<meta name=\"twitter:label1\" content=\"Ansl. lesetid\" \/>\n\t<meta name=\"twitter:data1\" content=\"1 minutt\" \/>\n<script type=\"application\/ld+json\" class=\"yoast-schema-graph\">{\"@context\":\"https:\\\/\\\/schema.org\",\"@graph\":[{\"@type\":\"WebPage\",\"@id\":\"https:\\\/\\\/www.insyproject.eu\\\/om-insy\\\/sv\\\/om-project-insy\\\/\",\"url\":\"https:\\\/\\\/www.insyproject.eu\\\/om-insy\\\/sv\\\/om-project-insy\\\/\",\"name\":\"Om project INSY - Project INSY\",\"isPartOf\":{\"@id\":\"https:\\\/\\\/www.insyproject.eu\\\/om-insy\\\/#website\"},\"primaryImageOfPage\":{\"@id\":\"https:\\\/\\\/www.insyproject.eu\\\/om-insy\\\/sv\\\/om-project-insy\\\/#primaryimage\"},\"image\":{\"@id\":\"https:\\\/\\\/www.insyproject.eu\\\/om-insy\\\/sv\\\/om-project-insy\\\/#primaryimage\"},\"thumbnailUrl\":\"http:\\\/\\\/www.insyproject.eu\\\/wp-content\\\/uploads\\\/2026\\\/04\\\/Logo-Sweden-Norway-CMYK-Color-02.png\",\"datePublished\":\"2026-04-15T08:51:19+00:00\",\"dateModified\":\"2026-04-15T16:05:15+00:00\",\"breadcrumb\":{\"@id\":\"https:\\\/\\\/www.insyproject.eu\\\/om-insy\\\/sv\\\/om-project-insy\\\/#breadcrumb\"},\"inLanguage\":\"nb-NO\",\"potentialAction\":[{\"@type\":\"ReadAction\",\"target\":[\"https:\\\/\\\/www.insyproject.eu\\\/om-insy\\\/sv\\\/om-project-insy\\\/\"]}]},{\"@type\":\"ImageObject\",\"inLanguage\":\"nb-NO\",\"@id\":\"https:\\\/\\\/www.insyproject.eu\\\/om-insy\\\/sv\\\/om-project-insy\\\/#primaryimage\",\"url\":\"http:\\\/\\\/www.insyproject.eu\\\/wp-content\\\/uploads\\\/2026\\\/04\\\/Logo-Sweden-Norway-CMYK-Color-02.png\",\"contentUrl\":\"http:\\\/\\\/www.insyproject.eu\\\/wp-content\\\/uploads\\\/2026\\\/04\\\/Logo-Sweden-Norway-CMYK-Color-02.png\"},{\"@type\":\"BreadcrumbList\",\"@id\":\"https:\\\/\\\/www.insyproject.eu\\\/om-insy\\\/sv\\\/om-project-insy\\\/#breadcrumb\",\"itemListElement\":[{\"@type\":\"ListItem\",\"position\":1,\"name\":\"Hjem\",\"item\":\"https:\\\/\\\/www.insyproject.eu\\\/om-insy\\\/\"},{\"@type\":\"ListItem\",\"position\":2,\"name\":\"Om project INSY\"}]},{\"@type\":\"WebSite\",\"@id\":\"https:\\\/\\\/www.insyproject.eu\\\/om-insy\\\/#website\",\"url\":\"https:\\\/\\\/www.insyproject.eu\\\/om-insy\\\/\",\"name\":\"Project INSY\",\"description\":\"Inkludering og Sysselsetting i Nordens gr\u00f8nne belte - Et Interreg Sverige-Norge prosjekt\",\"publisher\":{\"@id\":\"https:\\\/\\\/www.insyproject.eu\\\/om-insy\\\/#organization\"},\"potentialAction\":[{\"@type\":\"SearchAction\",\"target\":{\"@type\":\"EntryPoint\",\"urlTemplate\":\"https:\\\/\\\/www.insyproject.eu\\\/om-insy\\\/?s={search_term_string}\"},\"query-input\":{\"@type\":\"PropertyValueSpecification\",\"valueRequired\":true,\"valueName\":\"search_term_string\"}}],\"inLanguage\":\"nb-NO\"},{\"@type\":\"Organization\",\"@id\":\"https:\\\/\\\/www.insyproject.eu\\\/om-insy\\\/#organization\",\"name\":\"Project INSY\",\"url\":\"https:\\\/\\\/www.insyproject.eu\\\/om-insy\\\/\",\"logo\":{\"@type\":\"ImageObject\",\"inLanguage\":\"nb-NO\",\"@id\":\"https:\\\/\\\/www.insyproject.eu\\\/om-insy\\\/#\\\/schema\\\/logo\\\/image\\\/\",\"url\":\"https:\\\/\\\/www.insyproject.eu\\\/wp-content\\\/uploads\\\/2026\\\/04\\\/INSY-logo-H-1-scaled.png\",\"contentUrl\":\"https:\\\/\\\/www.insyproject.eu\\\/wp-content\\\/uploads\\\/2026\\\/04\\\/INSY-logo-H-1-scaled.png\",\"width\":2560,\"height\":1219,\"caption\":\"Project INSY\"},\"image\":{\"@id\":\"https:\\\/\\\/www.insyproject.eu\\\/om-insy\\\/#\\\/schema\\\/logo\\\/image\\\/\"}}]}<\/script>\n<!-- \/ Yoast SEO plugin. -->","yoast_head_json":{"title":"Om project INSY - Project INSY","robots":{"index":"index","follow":"follow","max-snippet":"max-snippet:-1","max-image-preview":"max-image-preview:large","max-video-preview":"max-video-preview:-1"},"canonical":"https:\/\/www.insyproject.eu\/om-insy\/sv\/om-project-insy\/","og_locale":"nb_NO","og_type":"article","og_title":"Om project INSY - Project INSY","og_description":"Inkludering och syssels\u00e4ttning innom Nordens gr\u00f6na b\u00e4lte INSY-projektet ska st\u00e4rka inkludering och syssels\u00e4ttning i gr\u00e4nsregionen mellan Sverige och Norge genom socialt entrepren\u00f6rskap. Genom gr\u00e4ns\u00f6verskridande samarbete utvecklas och testas metoder f\u00f6r att m\u00e4ta och st\u00e4rka den sociala effekten av socialt entrepren\u00f6rskap. Projektet bidrar till ett mer inkluderande arbetsliv och l\u00e5ngsiktig social h\u00e5llbarhet i det nordiska gr\u00f6na&hellip;","og_url":"https:\/\/www.insyproject.eu\/om-insy\/sv\/om-project-insy\/","og_site_name":"Project INSY","article_modified_time":"2026-04-15T16:05:15+00:00","og_image":[{"url":"http:\/\/www.insyproject.eu\/wp-content\/uploads\/2026\/04\/Logo-Sweden-Norway-CMYK-Color-02.png","type":"","width":"","height":""}],"twitter_card":"summary_large_image","twitter_misc":{"Ansl. lesetid":"1 minutt"},"schema":{"@context":"https:\/\/schema.org","@graph":[{"@type":"WebPage","@id":"https:\/\/www.insyproject.eu\/om-insy\/sv\/om-project-insy\/","url":"https:\/\/www.insyproject.eu\/om-insy\/sv\/om-project-insy\/","name":"Om project INSY - Project INSY","isPartOf":{"@id":"https:\/\/www.insyproject.eu\/om-insy\/#website"},"primaryImageOfPage":{"@id":"https:\/\/www.insyproject.eu\/om-insy\/sv\/om-project-insy\/#primaryimage"},"image":{"@id":"https:\/\/www.insyproject.eu\/om-insy\/sv\/om-project-insy\/#primaryimage"},"thumbnailUrl":"http:\/\/www.insyproject.eu\/wp-content\/uploads\/2026\/04\/Logo-Sweden-Norway-CMYK-Color-02.png","datePublished":"2026-04-15T08:51:19+00:00","dateModified":"2026-04-15T16:05:15+00:00","breadcrumb":{"@id":"https:\/\/www.insyproject.eu\/om-insy\/sv\/om-project-insy\/#breadcrumb"},"inLanguage":"nb-NO","potentialAction":[{"@type":"ReadAction","target":["https:\/\/www.insyproject.eu\/om-insy\/sv\/om-project-insy\/"]}]},{"@type":"ImageObject","inLanguage":"nb-NO","@id":"https:\/\/www.insyproject.eu\/om-insy\/sv\/om-project-insy\/#primaryimage","url":"http:\/\/www.insyproject.eu\/wp-content\/uploads\/2026\/04\/Logo-Sweden-Norway-CMYK-Color-02.png","contentUrl":"http:\/\/www.insyproject.eu\/wp-content\/uploads\/2026\/04\/Logo-Sweden-Norway-CMYK-Color-02.png"},{"@type":"BreadcrumbList","@id":"https:\/\/www.insyproject.eu\/om-insy\/sv\/om-project-insy\/#breadcrumb","itemListElement":[{"@type":"ListItem","position":1,"name":"Hjem","item":"https:\/\/www.insyproject.eu\/om-insy\/"},{"@type":"ListItem","position":2,"name":"Om project INSY"}]},{"@type":"WebSite","@id":"https:\/\/www.insyproject.eu\/om-insy\/#website","url":"https:\/\/www.insyproject.eu\/om-insy\/","name":"Project INSY","description":"Inkludering og Sysselsetting i Nordens gr\u00f8nne belte - Et Interreg Sverige-Norge prosjekt","publisher":{"@id":"https:\/\/www.insyproject.eu\/om-insy\/#organization"},"potentialAction":[{"@type":"SearchAction","target":{"@type":"EntryPoint","urlTemplate":"https:\/\/www.insyproject.eu\/om-insy\/?s={search_term_string}"},"query-input":{"@type":"PropertyValueSpecification","valueRequired":true,"valueName":"search_term_string"}}],"inLanguage":"nb-NO"},{"@type":"Organization","@id":"https:\/\/www.insyproject.eu\/om-insy\/#organization","name":"Project INSY","url":"https:\/\/www.insyproject.eu\/om-insy\/","logo":{"@type":"ImageObject","inLanguage":"nb-NO","@id":"https:\/\/www.insyproject.eu\/om-insy\/#\/schema\/logo\/image\/","url":"https:\/\/www.insyproject.eu\/wp-content\/uploads\/2026\/04\/INSY-logo-H-1-scaled.png","contentUrl":"https:\/\/www.insyproject.eu\/wp-content\/uploads\/2026\/04\/INSY-logo-H-1-scaled.png","width":2560,"height":1219,"caption":"Project INSY"},"image":{"@id":"https:\/\/www.insyproject.eu\/om-insy\/#\/schema\/logo\/image\/"}}]}},"_links":{"self":[{"href":"https:\/\/www.insyproject.eu\/om-insy\/wp-json\/wp\/v2\/pages\/17","targetHints":{"allow":["GET"]}}],"collection":[{"href":"https:\/\/www.insyproject.eu\/om-insy\/wp-json\/wp\/v2\/pages"}],"about":[{"href":"https:\/\/www.insyproject.eu\/om-insy\/wp-json\/wp\/v2\/types\/page"}],"author":[{"embeddable":true,"href":"https:\/\/www.insyproject.eu\/om-insy\/wp-json\/wp\/v2\/users\/1"}],"replies":[{"embeddable":true,"href":"https:\/\/www.insyproject.eu\/om-insy\/wp-json\/wp\/v2\/comments?post=17"}],"version-history":[{"count":7,"href":"https:\/\/www.insyproject.eu\/om-insy\/wp-json\/wp\/v2\/pages\/17\/revisions"}],"predecessor-version":[{"id":63,"href":"https:\/\/www.insyproject.eu\/om-insy\/wp-json\/wp\/v2\/pages\/17\/revisions\/63"}],"wp:attachment":[{"href":"https:\/\/www.insyproject.eu\/om-insy\/wp-json\/wp\/v2\/media?parent=17"}],"curies":[{"name":"wp","href":"https:\/\/api.w.org\/{rel}","templated":true}]}}