{"id":8,"date":"2026-04-15T08:51:19","date_gmt":"2026-04-15T08:51:19","guid":{"rendered":"https:\/\/www.insyproject.eu\/?page_id=8"},"modified":"2026-04-16T07:38:06","modified_gmt":"2026-04-16T07:38:06","slug":"om-insy","status":"publish","type":"page","link":"https:\/\/www.insyproject.eu\/om-insy\/","title":{"rendered":"Om INSY"},"content":{"rendered":"\n<figure itemscope itemtype=\"https:\/\/schema.org\/ImageObject\">\n\t\t\t\t<img decoding=\"async\" src=\"http:\/\/www.insyproject.eu\/wp-content\/uploads\/2026\/04\/Logo-Sweden-Norway-CMYK-Color-02.png\" alt=\"Logo - Interreg Sverige-Norge\" title=\"Logo-Sweden-Norway-CMYK-Color-02\" onerror=\"this.style.display='none'\" loading=\"lazy\" \/>\n\t<\/figure>\n<figure itemscope itemtype=\"https:\/\/schema.org\/ImageObject\">\n\t\t\t\t<img decoding=\"async\" src=\"http:\/\/www.insyproject.eu\/wp-content\/uploads\/2026\/04\/INSY-logo-H-scaled.png\" alt=\"INSY logo H\" title=\"INSY logo H\" onerror=\"this.style.display='none'\" loading=\"lazy\" \/>\n\t<\/figure>\n\t<h2>Inkludering og sysselsetting i Nordens gr\u00f8nne belte<\/h2>\n<p>INSY-prosjektet vil styrke inkludering og sysselsetting i grenseregionen mellom Sverige og Norge gjennom sosialt entrepren\u00f8rskap. Gjennom grenseoverskridende samarbeid utvikles og testes metoder for \u00e5 m\u00e5le og styrke den sosiale effekten av sosiale entrepren\u00f8rskap. Prosjektet bidrar til et mer inkluderende arbeidsliv og langsiktig sosial b\u00e6rekraft i Nordens gr\u00f8nne belte. Mer informasjon om prosjektet kommer snart!<\/p>\n<p>Prosjektet er et samarbeid mellom<a href=\"https:\/\/ap.adminproject.eu\/files\/index\/getFile\/3467\/910286\" target=\"_blank\" rel=\"noopener\"><strong> Coompanion<\/strong><\/a> (Sverige), <strong><a href=\"https:\/\/www.kbtfagskole.no\/\" target=\"_blank\" rel=\"noopener\">KBT fagskole<\/a><\/strong> (Norge) og <strong><a href=\"https:\/\/www.prios.no\/\" target=\"_blank\" rel=\"noopener\">Prios kompetanse<\/a> <\/strong>(Norge).<\/p>\n<p>&nbsp;<\/p>\n<p>&nbsp;<\/p>\n<p>&nbsp;<\/p>\n\t<h3>Pilotvirksomheter (Sosiale Entrepren\u00f8rer)<\/h3>\n<p>Prosjektet involverer fire utvalgte sosiale virksomheter (to i hvert land) som skal f\u00f8lges opp for \u00e5 utvikle, teste og implementere metodikken for effektm\u00e5ling av sosialt entrepren\u00f8rskap.<\/p>\n<p>&nbsp;<\/p>\n<h3>\n\t\t\tNorske pilotvirksomheter\t<\/h3>\n\t<p><a href=\"https:\/\/www.glimtrecoverysenter.no\/\" target=\"_blank\" rel=\"noreferrer noopener\">Glimt Recoverysenter<\/a><\/p>\n<figure itemscope itemtype=\"https:\/\/schema.org\/ImageObject\">\n\t\t\t\t<a href=\"https:\/\/www.glimtrecoverysenter.no\/\"  target=\"_self\" itemprop=\"url\">\n\t\t\t\t<img decoding=\"async\" src=\"https:\/\/www.insyproject.eu\/wp-content\/plugins\/bb-plugin\/img\/pixel.png\" alt=\"\" onerror=\"this.style.display='none'\" loading=\"lazy\" \/>\n\t\t\t\t<\/a>\n\t<\/figure>\n\t<p><a href=\"https:\/\/www.eikragard.com\/\" target=\"_blank\" rel=\"noreferrer noopener\">Eikra Aktivitet.<\/a><\/p>\n<figure itemscope itemtype=\"https:\/\/schema.org\/ImageObject\">\n\t\t\t\t<img decoding=\"async\" src=\"https:\/\/www.insyproject.eu\/wp-content\/plugins\/bb-plugin\/img\/pixel.png\" alt=\"\" onerror=\"this.style.display='none'\" loading=\"lazy\" \/>\n\t<\/figure>\n<h3>\n\t\t\tSvenske pilotvirksomheter\t<\/h3>\n\t<p><a href=\"https:\/\/www.bygdsamnatradalen.se\/\" target=\"_blank\" rel=\"noreferrer noopener\">Bygdsam N\u00e4tradalen<\/a><\/p>\n\t<p><a href=\"http:\/\/www.rsmhfjallsjo.se\/\" target=\"_blank\" rel=\"noreferrer noopener\">RSMH Fj\u00e4llsj\u00f6<\/a><\/p>\n<figure itemscope itemtype=\"https:\/\/schema.org\/ImageObject\">\n\t\t\t\t<img decoding=\"async\" src=\"http:\/\/www.insyproject.eu\/wp-content\/uploads\/2026\/04\/Insy-logoer-samarbeidspartnere-og-Interreg-scaled.png\" alt=\"Logoer til Interreg Sverige-Norge, Coompanion, KBT fagskole og Prios kompetanse\" title=\"Insy logoer samarbeidspartnere og Interreg\" onerror=\"this.style.display='none'\" loading=\"lazy\" \/>\n\t<\/figure>\n\n","protected":false},"excerpt":{"rendered":"<p>Inkludering og sysselsetting i Nordens gr\u00f8nne belte INSY-prosjektet vil styrke inkludering og sysselsetting i grenseregionen mellom Sverige og Norge gjennom sosialt entrepren\u00f8rskap. Gjennom grenseoverskridende samarbeid utvikles og testes metoder for \u00e5 m\u00e5le og styrke den sosiale effekten av sosiale entrepren\u00f8rskap. Prosjektet bidrar til et mer inkluderende arbeidsliv og langsiktig sosial b\u00e6rekraft i Nordens gr\u00f8nne belte.&hellip;<\/p>\n","protected":false},"author":1,"featured_media":0,"parent":0,"menu_order":0,"comment_status":"closed","ping_status":"closed","template":"","meta":{"footnotes":""},"class_list":["post-8","page","type-page","status-publish","hentry"],"yoast_head":"<!-- This site is optimized with the Yoast SEO plugin v27.4 - https:\/\/yoast.com\/product\/yoast-seo-wordpress\/ -->\n<title>Om INSY - Project INSY<\/title>\n<meta name=\"robots\" content=\"index, follow, max-snippet:-1, max-image-preview:large, max-video-preview:-1\" \/>\n<link rel=\"canonical\" href=\"https:\/\/www.insyproject.eu\/om-insy\/\" \/>\n<meta property=\"og:locale\" content=\"nb_NO\" \/>\n<meta property=\"og:type\" content=\"article\" \/>\n<meta property=\"og:title\" content=\"Om INSY - Project INSY\" \/>\n<meta property=\"og:description\" content=\"Inkludering og sysselsetting i Nordens gr\u00f8nne belte INSY-prosjektet vil styrke inkludering og sysselsetting i grenseregionen mellom Sverige og Norge gjennom sosialt entrepren\u00f8rskap. Gjennom grenseoverskridende samarbeid utvikles og testes metoder for \u00e5 m\u00e5le og styrke den sosiale effekten av sosiale entrepren\u00f8rskap. Prosjektet bidrar til et mer inkluderende arbeidsliv og langsiktig sosial b\u00e6rekraft i Nordens gr\u00f8nne belte.&hellip;\" \/>\n<meta property=\"og:url\" content=\"https:\/\/www.insyproject.eu\/om-insy\/\" \/>\n<meta property=\"og:site_name\" content=\"Project INSY\" \/>\n<meta property=\"article:modified_time\" content=\"2026-04-16T07:38:06+00:00\" \/>\n<meta property=\"og:image\" content=\"http:\/\/www.insyproject.eu\/wp-content\/uploads\/2026\/04\/Logo-Sweden-Norway-CMYK-Color-02.png\" \/>\n<meta name=\"twitter:card\" content=\"summary_large_image\" \/>\n<meta name=\"twitter:label1\" content=\"Ansl. lesetid\" \/>\n\t<meta name=\"twitter:data1\" content=\"1 minutt\" \/>\n<script type=\"application\/ld+json\" class=\"yoast-schema-graph\">{\"@context\":\"https:\\\/\\\/schema.org\",\"@graph\":[{\"@type\":\"WebPage\",\"@id\":\"https:\\\/\\\/www.insyproject.eu\\\/om-insy\\\/\",\"url\":\"https:\\\/\\\/www.insyproject.eu\\\/om-insy\\\/\",\"name\":\"Om INSY - Project INSY\",\"isPartOf\":{\"@id\":\"https:\\\/\\\/www.insyproject.eu\\\/om-insy\\\/#website\"},\"primaryImageOfPage\":{\"@id\":\"https:\\\/\\\/www.insyproject.eu\\\/om-insy\\\/#primaryimage\"},\"image\":{\"@id\":\"https:\\\/\\\/www.insyproject.eu\\\/om-insy\\\/#primaryimage\"},\"thumbnailUrl\":\"http:\\\/\\\/www.insyproject.eu\\\/wp-content\\\/uploads\\\/2026\\\/04\\\/Logo-Sweden-Norway-CMYK-Color-02.png\",\"datePublished\":\"2026-04-15T08:51:19+00:00\",\"dateModified\":\"2026-04-16T07:38:06+00:00\",\"breadcrumb\":{\"@id\":\"https:\\\/\\\/www.insyproject.eu\\\/om-insy\\\/#breadcrumb\"},\"inLanguage\":\"nb-NO\",\"potentialAction\":[{\"@type\":\"ReadAction\",\"target\":[\"https:\\\/\\\/www.insyproject.eu\\\/om-insy\\\/\"]}]},{\"@type\":\"ImageObject\",\"inLanguage\":\"nb-NO\",\"@id\":\"https:\\\/\\\/www.insyproject.eu\\\/om-insy\\\/#primaryimage\",\"url\":\"http:\\\/\\\/www.insyproject.eu\\\/wp-content\\\/uploads\\\/2026\\\/04\\\/Logo-Sweden-Norway-CMYK-Color-02.png\",\"contentUrl\":\"http:\\\/\\\/www.insyproject.eu\\\/wp-content\\\/uploads\\\/2026\\\/04\\\/Logo-Sweden-Norway-CMYK-Color-02.png\"},{\"@type\":\"BreadcrumbList\",\"@id\":\"https:\\\/\\\/www.insyproject.eu\\\/om-insy\\\/#breadcrumb\",\"itemListElement\":[{\"@type\":\"ListItem\",\"position\":1,\"name\":\"Hjem\",\"item\":\"https:\\\/\\\/www.insyproject.eu\\\/om-insy\\\/\"},{\"@type\":\"ListItem\",\"position\":2,\"name\":\"Om INSY\"}]},{\"@type\":\"WebSite\",\"@id\":\"https:\\\/\\\/www.insyproject.eu\\\/om-insy\\\/#website\",\"url\":\"https:\\\/\\\/www.insyproject.eu\\\/om-insy\\\/\",\"name\":\"Project INSY\",\"description\":\"Inkludering og Sysselsetting i Nordens gr\u00f8nne belte - Et Interreg Sverige-Norge prosjekt\",\"publisher\":{\"@id\":\"https:\\\/\\\/www.insyproject.eu\\\/om-insy\\\/#organization\"},\"potentialAction\":[{\"@type\":\"SearchAction\",\"target\":{\"@type\":\"EntryPoint\",\"urlTemplate\":\"https:\\\/\\\/www.insyproject.eu\\\/om-insy\\\/?s={search_term_string}\"},\"query-input\":{\"@type\":\"PropertyValueSpecification\",\"valueRequired\":true,\"valueName\":\"search_term_string\"}}],\"inLanguage\":\"nb-NO\"},{\"@type\":\"Organization\",\"@id\":\"https:\\\/\\\/www.insyproject.eu\\\/om-insy\\\/#organization\",\"name\":\"Project INSY\",\"url\":\"https:\\\/\\\/www.insyproject.eu\\\/om-insy\\\/\",\"logo\":{\"@type\":\"ImageObject\",\"inLanguage\":\"nb-NO\",\"@id\":\"https:\\\/\\\/www.insyproject.eu\\\/om-insy\\\/#\\\/schema\\\/logo\\\/image\\\/\",\"url\":\"https:\\\/\\\/www.insyproject.eu\\\/wp-content\\\/uploads\\\/2026\\\/04\\\/INSY-logo-H-1-scaled.png\",\"contentUrl\":\"https:\\\/\\\/www.insyproject.eu\\\/wp-content\\\/uploads\\\/2026\\\/04\\\/INSY-logo-H-1-scaled.png\",\"width\":2560,\"height\":1219,\"caption\":\"Project INSY\"},\"image\":{\"@id\":\"https:\\\/\\\/www.insyproject.eu\\\/om-insy\\\/#\\\/schema\\\/logo\\\/image\\\/\"}}]}<\/script>\n<!-- \/ Yoast SEO plugin. -->","yoast_head_json":{"title":"Om INSY - Project INSY","robots":{"index":"index","follow":"follow","max-snippet":"max-snippet:-1","max-image-preview":"max-image-preview:large","max-video-preview":"max-video-preview:-1"},"canonical":"https:\/\/www.insyproject.eu\/om-insy\/","og_locale":"nb_NO","og_type":"article","og_title":"Om INSY - Project INSY","og_description":"Inkludering og sysselsetting i Nordens gr\u00f8nne belte INSY-prosjektet vil styrke inkludering og sysselsetting i grenseregionen mellom Sverige og Norge gjennom sosialt entrepren\u00f8rskap. Gjennom grenseoverskridende samarbeid utvikles og testes metoder for \u00e5 m\u00e5le og styrke den sosiale effekten av sosiale entrepren\u00f8rskap. Prosjektet bidrar til et mer inkluderende arbeidsliv og langsiktig sosial b\u00e6rekraft i Nordens gr\u00f8nne belte.&hellip;","og_url":"https:\/\/www.insyproject.eu\/om-insy\/","og_site_name":"Project INSY","article_modified_time":"2026-04-16T07:38:06+00:00","og_image":[{"url":"http:\/\/www.insyproject.eu\/wp-content\/uploads\/2026\/04\/Logo-Sweden-Norway-CMYK-Color-02.png","type":"","width":"","height":""}],"twitter_card":"summary_large_image","twitter_misc":{"Ansl. lesetid":"1 minutt"},"schema":{"@context":"https:\/\/schema.org","@graph":[{"@type":"WebPage","@id":"https:\/\/www.insyproject.eu\/om-insy\/","url":"https:\/\/www.insyproject.eu\/om-insy\/","name":"Om INSY - Project INSY","isPartOf":{"@id":"https:\/\/www.insyproject.eu\/om-insy\/#website"},"primaryImageOfPage":{"@id":"https:\/\/www.insyproject.eu\/om-insy\/#primaryimage"},"image":{"@id":"https:\/\/www.insyproject.eu\/om-insy\/#primaryimage"},"thumbnailUrl":"http:\/\/www.insyproject.eu\/wp-content\/uploads\/2026\/04\/Logo-Sweden-Norway-CMYK-Color-02.png","datePublished":"2026-04-15T08:51:19+00:00","dateModified":"2026-04-16T07:38:06+00:00","breadcrumb":{"@id":"https:\/\/www.insyproject.eu\/om-insy\/#breadcrumb"},"inLanguage":"nb-NO","potentialAction":[{"@type":"ReadAction","target":["https:\/\/www.insyproject.eu\/om-insy\/"]}]},{"@type":"ImageObject","inLanguage":"nb-NO","@id":"https:\/\/www.insyproject.eu\/om-insy\/#primaryimage","url":"http:\/\/www.insyproject.eu\/wp-content\/uploads\/2026\/04\/Logo-Sweden-Norway-CMYK-Color-02.png","contentUrl":"http:\/\/www.insyproject.eu\/wp-content\/uploads\/2026\/04\/Logo-Sweden-Norway-CMYK-Color-02.png"},{"@type":"BreadcrumbList","@id":"https:\/\/www.insyproject.eu\/om-insy\/#breadcrumb","itemListElement":[{"@type":"ListItem","position":1,"name":"Hjem","item":"https:\/\/www.insyproject.eu\/om-insy\/"},{"@type":"ListItem","position":2,"name":"Om INSY"}]},{"@type":"WebSite","@id":"https:\/\/www.insyproject.eu\/om-insy\/#website","url":"https:\/\/www.insyproject.eu\/om-insy\/","name":"Project INSY","description":"Inkludering og Sysselsetting i Nordens gr\u00f8nne belte - Et Interreg Sverige-Norge prosjekt","publisher":{"@id":"https:\/\/www.insyproject.eu\/om-insy\/#organization"},"potentialAction":[{"@type":"SearchAction","target":{"@type":"EntryPoint","urlTemplate":"https:\/\/www.insyproject.eu\/om-insy\/?s={search_term_string}"},"query-input":{"@type":"PropertyValueSpecification","valueRequired":true,"valueName":"search_term_string"}}],"inLanguage":"nb-NO"},{"@type":"Organization","@id":"https:\/\/www.insyproject.eu\/om-insy\/#organization","name":"Project INSY","url":"https:\/\/www.insyproject.eu\/om-insy\/","logo":{"@type":"ImageObject","inLanguage":"nb-NO","@id":"https:\/\/www.insyproject.eu\/om-insy\/#\/schema\/logo\/image\/","url":"https:\/\/www.insyproject.eu\/wp-content\/uploads\/2026\/04\/INSY-logo-H-1-scaled.png","contentUrl":"https:\/\/www.insyproject.eu\/wp-content\/uploads\/2026\/04\/INSY-logo-H-1-scaled.png","width":2560,"height":1219,"caption":"Project INSY"},"image":{"@id":"https:\/\/www.insyproject.eu\/om-insy\/#\/schema\/logo\/image\/"}}]}},"_links":{"self":[{"href":"https:\/\/www.insyproject.eu\/om-insy\/wp-json\/wp\/v2\/pages\/8","targetHints":{"allow":["GET"]}}],"collection":[{"href":"https:\/\/www.insyproject.eu\/om-insy\/wp-json\/wp\/v2\/pages"}],"about":[{"href":"https:\/\/www.insyproject.eu\/om-insy\/wp-json\/wp\/v2\/types\/page"}],"author":[{"embeddable":true,"href":"https:\/\/www.insyproject.eu\/om-insy\/wp-json\/wp\/v2\/users\/1"}],"replies":[{"embeddable":true,"href":"https:\/\/www.insyproject.eu\/om-insy\/wp-json\/wp\/v2\/comments?post=8"}],"version-history":[{"count":11,"href":"https:\/\/www.insyproject.eu\/om-insy\/wp-json\/wp\/v2\/pages\/8\/revisions"}],"predecessor-version":[{"id":74,"href":"https:\/\/www.insyproject.eu\/om-insy\/wp-json\/wp\/v2\/pages\/8\/revisions\/74"}],"wp:attachment":[{"href":"https:\/\/www.insyproject.eu\/om-insy\/wp-json\/wp\/v2\/media?parent=8"}],"curies":[{"name":"wp","href":"https:\/\/api.w.org\/{rel}","templated":true}]}}